{"id":676,"date":"2026-04-02T16:10:39","date_gmt":"2026-04-02T14:10:39","guid":{"rendered":"https:\/\/bts-ndrc1-10.studency-toulouse.org\/?page_id=676"},"modified":"2026-04-02T16:23:26","modified_gmt":"2026-04-02T14:23:26","slug":"la-marque","status":"publish","type":"page","link":"https:\/\/bts-ndrc1-10.studency-toulouse.org\/index.php\/la-marque\/","title":{"rendered":"La Marque"},"content":{"rendered":"\n<div class=\"wp-block-media-text is-stacked-on-mobile\"><figure class=\"wp-block-media-text__media\"><img loading=\"lazy\" decoding=\"async\" width=\"753\" height=\"1024\" src=\"https:\/\/bts-ndrc1-10.studency-toulouse.org\/wp-content\/uploads\/2026\/04\/gucci-demetra-sac-2023_687cd3fc33f2cf8c40fb1f2803f35ec3-1-753x1024.jpeg\" alt=\"\" class=\"wp-image-677 size-full\" srcset=\"https:\/\/bts-ndrc1-10.studency-toulouse.org\/wp-content\/uploads\/2026\/04\/gucci-demetra-sac-2023_687cd3fc33f2cf8c40fb1f2803f35ec3-1-753x1024.jpeg 753w, https:\/\/bts-ndrc1-10.studency-toulouse.org\/wp-content\/uploads\/2026\/04\/gucci-demetra-sac-2023_687cd3fc33f2cf8c40fb1f2803f35ec3-1-221x300.jpeg 221w, https:\/\/bts-ndrc1-10.studency-toulouse.org\/wp-content\/uploads\/2026\/04\/gucci-demetra-sac-2023_687cd3fc33f2cf8c40fb1f2803f35ec3-1-768x1044.jpeg 768w, https:\/\/bts-ndrc1-10.studency-toulouse.org\/wp-content\/uploads\/2026\/04\/gucci-demetra-sac-2023_687cd3fc33f2cf8c40fb1f2803f35ec3-1.jpeg 1103w\" sizes=\"auto, (max-width: 753px) 100vw, 753px\" \/><\/figure><div class=\"wp-block-media-text__content\">\n<p>Cr\u00e9\u00e9e en 1921, avec l&rsquo;ouverture d&rsquo;une boutique dans une ruelle de Florence, la Maison&nbsp;<strong>Gucci est<\/strong>&nbsp;depuis lors devenue un symbole de renomm\u00e9e mondiale, incarnant l&rsquo;artisanat italien, la cr\u00e9ativit\u00e9 visionnaire et le design innovant.<\/p>\n<\/div><\/div>\n\n\n\n<figure class=\"wp-block-embed is-type-video is-provider-youtube wp-block-embed-youtube wp-embed-aspect-16-9 wp-has-aspect-ratio\"><div class=\"wp-block-embed__wrapper\">\n<iframe loading=\"lazy\" title=\"Ninho - Tout en Gucci (Clip officiel)\" width=\"500\" height=\"281\" src=\"https:\/\/www.youtube.com\/embed\/HqJ1qP05Si0?feature=oembed\" frameborder=\"0\" allow=\"accelerometer; autoplay; clipboard-write; encrypted-media; gyroscope; picture-in-picture; web-share\" referrerpolicy=\"strict-origin-when-cross-origin\" allowfullscreen><\/iframe>\n<\/div><\/figure>\n","protected":false},"excerpt":{"rendered":"<p>Cr\u00e9\u00e9e en 1921, avec l&rsquo;ouverture d&rsquo;une boutique dans une ruelle de Florence, la Maison&nbsp;Gucci est&nbsp;depuis lors devenue un symbole de [&hellip;]<\/p>\n","protected":false},"author":3,"featured_media":0,"parent":0,"menu_order":0,"comment_status":"closed","ping_status":"closed","template":"","meta":{"_uag_custom_page_level_css":"","site-sidebar-layout":"default","site-content-layout":"","ast-site-content-layout":"default","site-content-style":"default","site-sidebar-style":"default","ast-global-header-display":"","ast-banner-title-visibility":"","ast-main-header-display":"","ast-hfb-above-header-display":"","ast-hfb-below-header-display":"","ast-hfb-mobile-header-display":"","site-post-title":"","ast-breadcrumbs-content":"","ast-featured-img":"","footer-sml-layout":"","ast-disable-related-posts":"","theme-transparent-header-meta":"","adv-header-id-meta":"","stick-header-meta":"","header-above-stick-meta":"","header-main-stick-meta":"","header-below-stick-meta":"","astra-migrate-meta-layouts":"default","ast-page-background-enabled":"default","ast-page-background-meta":{"desktop":{"background-color":"var(--ast-global-color-4)","background-image":"","background-repeat":"repeat","background-position":"center center","background-size":"auto","background-attachment":"scroll","background-type":"","background-media":"","overlay-type":"","overlay-color":"","overlay-opacity":"","overlay-gradient":""},"tablet":{"background-color":"","background-image":"","background-repeat":"repeat","background-position":"center center","background-size":"auto","background-attachment":"scroll","background-type":"","background-media":"","overlay-type":"","overlay-color":"","overlay-opacity":"","overlay-gradient":""},"mobile":{"background-color":"","background-image":"","background-repeat":"repeat","background-position":"center center","background-size":"auto","background-attachment":"scroll","background-type":"","background-media":"","overlay-type":"","overlay-color":"","overlay-opacity":"","overlay-gradient":""}},"ast-content-background-meta":{"desktop":{"background-color":"var(--ast-global-color-5)","background-image":"","background-repeat":"repeat","background-position":"center center","background-size":"auto","background-attachment":"scroll","background-type":"","background-media":"","overlay-type":"","overlay-color":"","overlay-opacity":"","overlay-gradient":""},"tablet":{"background-color":"var(--ast-global-color-5)","background-image":"","background-repeat":"repeat","background-position":"center center","background-size":"auto","background-attachment":"scroll","background-type":"","background-media":"","overlay-type":"","overlay-color":"","overlay-opacity":"","overlay-gradient":""},"mobile":{"background-color":"var(--ast-global-color-5)","background-image":"","background-repeat":"repeat","background-position":"center center","background-size":"auto","background-attachment":"scroll","background-type":"","background-media":"","overlay-type":"","overlay-color":"","overlay-opacity":"","overlay-gradient":""}},"footnotes":""},"class_list":["post-676","page","type-page","status-publish","hentry"],"yoast_head":"<!-- This site is optimized with the Yoast SEO plugin v27.2 - https:\/\/yoast.com\/product\/yoast-seo-wordpress\/ -->\n<title>La Marque - Gucci<\/title>\n<meta name=\"robots\" content=\"index, follow, max-snippet:-1, max-image-preview:large, max-video-preview:-1\" \/>\n<link rel=\"canonical\" href=\"https:\/\/bts-ndrc1-10.studency-toulouse.org\/index.php\/la-marque\/\" \/>\n<meta property=\"og:locale\" content=\"fr_FR\" \/>\n<meta property=\"og:type\" content=\"article\" \/>\n<meta property=\"og:title\" content=\"La Marque - Gucci\" \/>\n<meta property=\"og:description\" content=\"Cr\u00e9\u00e9e en 1921, avec l&rsquo;ouverture d&rsquo;une boutique dans une ruelle de Florence, la Maison&nbsp;Gucci est&nbsp;depuis lors devenue un symbole de [&hellip;]\" \/>\n<meta property=\"og:url\" content=\"https:\/\/bts-ndrc1-10.studency-toulouse.org\/index.php\/la-marque\/\" \/>\n<meta property=\"og:site_name\" content=\"Gucci\" \/>\n<meta property=\"article:modified_time\" content=\"2026-04-02T14:23:26+00:00\" \/>\n<meta property=\"og:image\" content=\"https:\/\/bts-ndrc1-10.studency-toulouse.org\/wp-content\/uploads\/2026\/04\/gucci-demetra-sac-2023_687cd3fc33f2cf8c40fb1f2803f35ec3-1.jpeg\" \/>\n\t<meta property=\"og:image:width\" content=\"1103\" \/>\n\t<meta property=\"og:image:height\" content=\"1499\" \/>\n\t<meta property=\"og:image:type\" content=\"image\/jpeg\" \/>\n<meta name=\"twitter:card\" content=\"summary_large_image\" \/>\n<meta name=\"twitter:label1\" content=\"Dur\u00e9e de lecture estim\u00e9e\" \/>\n\t<meta name=\"twitter:data1\" content=\"1 minute\" \/>\n<script type=\"application\/ld+json\" class=\"yoast-schema-graph\">{\"@context\":\"https:\/\/schema.org\",\"@graph\":[{\"@type\":\"WebPage\",\"@id\":\"https:\/\/bts-ndrc1-10.studency-toulouse.org\/index.php\/la-marque\/\",\"url\":\"https:\/\/bts-ndrc1-10.studency-toulouse.org\/index.php\/la-marque\/\",\"name\":\"La Marque - Gucci\",\"isPartOf\":{\"@id\":\"https:\/\/bts-ndrc1-10.studency-toulouse.org\/#website\"},\"primaryImageOfPage\":{\"@id\":\"https:\/\/bts-ndrc1-10.studency-toulouse.org\/index.php\/la-marque\/#primaryimage\"},\"image\":{\"@id\":\"https:\/\/bts-ndrc1-10.studency-toulouse.org\/index.php\/la-marque\/#primaryimage\"},\"thumbnailUrl\":\"https:\/\/bts-ndrc1-10.studency-toulouse.org\/wp-content\/uploads\/2026\/04\/gucci-demetra-sac-2023_687cd3fc33f2cf8c40fb1f2803f35ec3-1-753x1024.jpeg\",\"datePublished\":\"2026-04-02T14:10:39+00:00\",\"dateModified\":\"2026-04-02T14:23:26+00:00\",\"breadcrumb\":{\"@id\":\"https:\/\/bts-ndrc1-10.studency-toulouse.org\/index.php\/la-marque\/#breadcrumb\"},\"inLanguage\":\"fr-FR\",\"potentialAction\":[{\"@type\":\"ReadAction\",\"target\":[\"https:\/\/bts-ndrc1-10.studency-toulouse.org\/index.php\/la-marque\/\"]}]},{\"@type\":\"ImageObject\",\"inLanguage\":\"fr-FR\",\"@id\":\"https:\/\/bts-ndrc1-10.studency-toulouse.org\/index.php\/la-marque\/#primaryimage\",\"url\":\"https:\/\/bts-ndrc1-10.studency-toulouse.org\/wp-content\/uploads\/2026\/04\/gucci-demetra-sac-2023_687cd3fc33f2cf8c40fb1f2803f35ec3-1.jpeg\",\"contentUrl\":\"https:\/\/bts-ndrc1-10.studency-toulouse.org\/wp-content\/uploads\/2026\/04\/gucci-demetra-sac-2023_687cd3fc33f2cf8c40fb1f2803f35ec3-1.jpeg\",\"width\":1103,\"height\":1499},{\"@type\":\"BreadcrumbList\",\"@id\":\"https:\/\/bts-ndrc1-10.studency-toulouse.org\/index.php\/la-marque\/#breadcrumb\",\"itemListElement\":[{\"@type\":\"ListItem\",\"position\":1,\"name\":\"Accueil\",\"item\":\"https:\/\/bts-ndrc1-10.studency-toulouse.org\/\"},{\"@type\":\"ListItem\",\"position\":2,\"name\":\"La Marque\"}]},{\"@type\":\"WebSite\",\"@id\":\"https:\/\/bts-ndrc1-10.studency-toulouse.org\/#website\",\"url\":\"https:\/\/bts-ndrc1-10.studency-toulouse.org\/\",\"name\":\"Gucci\",\"description\":\"\",\"publisher\":{\"@id\":\"https:\/\/bts-ndrc1-10.studency-toulouse.org\/#organization\"},\"potentialAction\":[{\"@type\":\"SearchAction\",\"target\":{\"@type\":\"EntryPoint\",\"urlTemplate\":\"https:\/\/bts-ndrc1-10.studency-toulouse.org\/?s={search_term_string}\"},\"query-input\":{\"@type\":\"PropertyValueSpecification\",\"valueRequired\":true,\"valueName\":\"search_term_string\"}}],\"inLanguage\":\"fr-FR\"},{\"@type\":\"Organization\",\"@id\":\"https:\/\/bts-ndrc1-10.studency-toulouse.org\/#organization\",\"name\":\"Gucci\",\"url\":\"https:\/\/bts-ndrc1-10.studency-toulouse.org\/\",\"logo\":{\"@type\":\"ImageObject\",\"inLanguage\":\"fr-FR\",\"@id\":\"https:\/\/bts-ndrc1-10.studency-toulouse.org\/#\/schema\/logo\/image\/\",\"url\":\"https:\/\/bts-ndrc1-10.studency-toulouse.org\/wp-content\/uploads\/2026\/04\/cropped-gucci-logo.png.webp\",\"contentUrl\":\"https:\/\/bts-ndrc1-10.studency-toulouse.org\/wp-content\/uploads\/2026\/04\/cropped-gucci-logo.png.webp\",\"width\":427,\"height\":341,\"caption\":\"Gucci\"},\"image\":{\"@id\":\"https:\/\/bts-ndrc1-10.studency-toulouse.org\/#\/schema\/logo\/image\/\"}}]}<\/script>\n<!-- \/ Yoast SEO plugin. -->","yoast_head_json":{"title":"La Marque - Gucci","robots":{"index":"index","follow":"follow","max-snippet":"max-snippet:-1","max-image-preview":"max-image-preview:large","max-video-preview":"max-video-preview:-1"},"canonical":"https:\/\/bts-ndrc1-10.studency-toulouse.org\/index.php\/la-marque\/","og_locale":"fr_FR","og_type":"article","og_title":"La Marque - Gucci","og_description":"Cr\u00e9\u00e9e en 1921, avec l&rsquo;ouverture d&rsquo;une boutique dans une ruelle de Florence, la Maison&nbsp;Gucci est&nbsp;depuis lors devenue un symbole de [&hellip;]","og_url":"https:\/\/bts-ndrc1-10.studency-toulouse.org\/index.php\/la-marque\/","og_site_name":"Gucci","article_modified_time":"2026-04-02T14:23:26+00:00","og_image":[{"width":1103,"height":1499,"url":"https:\/\/bts-ndrc1-10.studency-toulouse.org\/wp-content\/uploads\/2026\/04\/gucci-demetra-sac-2023_687cd3fc33f2cf8c40fb1f2803f35ec3-1.jpeg","type":"image\/jpeg"}],"twitter_card":"summary_large_image","twitter_misc":{"Dur\u00e9e de lecture estim\u00e9e":"1 minute"},"schema":{"@context":"https:\/\/schema.org","@graph":[{"@type":"WebPage","@id":"https:\/\/bts-ndrc1-10.studency-toulouse.org\/index.php\/la-marque\/","url":"https:\/\/bts-ndrc1-10.studency-toulouse.org\/index.php\/la-marque\/","name":"La Marque - Gucci","isPartOf":{"@id":"https:\/\/bts-ndrc1-10.studency-toulouse.org\/#website"},"primaryImageOfPage":{"@id":"https:\/\/bts-ndrc1-10.studency-toulouse.org\/index.php\/la-marque\/#primaryimage"},"image":{"@id":"https:\/\/bts-ndrc1-10.studency-toulouse.org\/index.php\/la-marque\/#primaryimage"},"thumbnailUrl":"https:\/\/bts-ndrc1-10.studency-toulouse.org\/wp-content\/uploads\/2026\/04\/gucci-demetra-sac-2023_687cd3fc33f2cf8c40fb1f2803f35ec3-1-753x1024.jpeg","datePublished":"2026-04-02T14:10:39+00:00","dateModified":"2026-04-02T14:23:26+00:00","breadcrumb":{"@id":"https:\/\/bts-ndrc1-10.studency-toulouse.org\/index.php\/la-marque\/#breadcrumb"},"inLanguage":"fr-FR","potentialAction":[{"@type":"ReadAction","target":["https:\/\/bts-ndrc1-10.studency-toulouse.org\/index.php\/la-marque\/"]}]},{"@type":"ImageObject","inLanguage":"fr-FR","@id":"https:\/\/bts-ndrc1-10.studency-toulouse.org\/index.php\/la-marque\/#primaryimage","url":"https:\/\/bts-ndrc1-10.studency-toulouse.org\/wp-content\/uploads\/2026\/04\/gucci-demetra-sac-2023_687cd3fc33f2cf8c40fb1f2803f35ec3-1.jpeg","contentUrl":"https:\/\/bts-ndrc1-10.studency-toulouse.org\/wp-content\/uploads\/2026\/04\/gucci-demetra-sac-2023_687cd3fc33f2cf8c40fb1f2803f35ec3-1.jpeg","width":1103,"height":1499},{"@type":"BreadcrumbList","@id":"https:\/\/bts-ndrc1-10.studency-toulouse.org\/index.php\/la-marque\/#breadcrumb","itemListElement":[{"@type":"ListItem","position":1,"name":"Accueil","item":"https:\/\/bts-ndrc1-10.studency-toulouse.org\/"},{"@type":"ListItem","position":2,"name":"La Marque"}]},{"@type":"WebSite","@id":"https:\/\/bts-ndrc1-10.studency-toulouse.org\/#website","url":"https:\/\/bts-ndrc1-10.studency-toulouse.org\/","name":"Gucci","description":"","publisher":{"@id":"https:\/\/bts-ndrc1-10.studency-toulouse.org\/#organization"},"potentialAction":[{"@type":"SearchAction","target":{"@type":"EntryPoint","urlTemplate":"https:\/\/bts-ndrc1-10.studency-toulouse.org\/?s={search_term_string}"},"query-input":{"@type":"PropertyValueSpecification","valueRequired":true,"valueName":"search_term_string"}}],"inLanguage":"fr-FR"},{"@type":"Organization","@id":"https:\/\/bts-ndrc1-10.studency-toulouse.org\/#organization","name":"Gucci","url":"https:\/\/bts-ndrc1-10.studency-toulouse.org\/","logo":{"@type":"ImageObject","inLanguage":"fr-FR","@id":"https:\/\/bts-ndrc1-10.studency-toulouse.org\/#\/schema\/logo\/image\/","url":"https:\/\/bts-ndrc1-10.studency-toulouse.org\/wp-content\/uploads\/2026\/04\/cropped-gucci-logo.png.webp","contentUrl":"https:\/\/bts-ndrc1-10.studency-toulouse.org\/wp-content\/uploads\/2026\/04\/cropped-gucci-logo.png.webp","width":427,"height":341,"caption":"Gucci"},"image":{"@id":"https:\/\/bts-ndrc1-10.studency-toulouse.org\/#\/schema\/logo\/image\/"}}]}},"uagb_featured_image_src":{"full":false,"thumbnail":false,"medium":false,"medium_large":false,"large":false,"1536x1536":false,"2048x2048":false},"uagb_author_info":{"display_name":"ndrc2024","author_link":"https:\/\/bts-ndrc1-10.studency-toulouse.org\/index.php\/author\/ndrc2024\/"},"uagb_comment_info":0,"uagb_excerpt":"Cr\u00e9\u00e9e en 1921, avec l&rsquo;ouverture d&rsquo;une boutique dans une ruelle de Florence, la Maison&nbsp;Gucci est&nbsp;depuis lors devenue un symbole de [&hellip;]","_links":{"self":[{"href":"https:\/\/bts-ndrc1-10.studency-toulouse.org\/index.php\/wp-json\/wp\/v2\/pages\/676","targetHints":{"allow":["GET"]}}],"collection":[{"href":"https:\/\/bts-ndrc1-10.studency-toulouse.org\/index.php\/wp-json\/wp\/v2\/pages"}],"about":[{"href":"https:\/\/bts-ndrc1-10.studency-toulouse.org\/index.php\/wp-json\/wp\/v2\/types\/page"}],"author":[{"embeddable":true,"href":"https:\/\/bts-ndrc1-10.studency-toulouse.org\/index.php\/wp-json\/wp\/v2\/users\/3"}],"replies":[{"embeddable":true,"href":"https:\/\/bts-ndrc1-10.studency-toulouse.org\/index.php\/wp-json\/wp\/v2\/comments?post=676"}],"version-history":[{"count":2,"href":"https:\/\/bts-ndrc1-10.studency-toulouse.org\/index.php\/wp-json\/wp\/v2\/pages\/676\/revisions"}],"predecessor-version":[{"id":700,"href":"https:\/\/bts-ndrc1-10.studency-toulouse.org\/index.php\/wp-json\/wp\/v2\/pages\/676\/revisions\/700"}],"wp:attachment":[{"href":"https:\/\/bts-ndrc1-10.studency-toulouse.org\/index.php\/wp-json\/wp\/v2\/media?parent=676"}],"curies":[{"name":"wp","href":"https:\/\/api.w.org\/{rel}","templated":true}]}}